{"id":4138,"date":"2024-05-21T14:49:40","date_gmt":"2024-05-21T18:49:40","guid":{"rendered":"https:\/\/daintyrice.wpenginepowered.com\/contact\/"},"modified":"2025-06-06T09:14:18","modified_gmt":"2025-06-06T13:14:18","slug":"nous-joindre","status":"publish","type":"page","link":"https:\/\/dainty.ca\/fr\/nous-joindre\/","title":{"rendered":"Nous joindre"},"content":{"rendered":"","protected":false},"excerpt":{"rendered":"","protected":false},"author":4,"featured_media":0,"parent":0,"menu_order":0,"comment_status":"closed","ping_status":"closed","template":"","meta":{"_acf_changed":false,"yasr_overall_rating":0,"yasr_post_is_review":"","yasr_auto_insert_disabled":"","yasr_review_type":"","footnotes":""},"pages_types":[11],"class_list":["post-4138","page","type-page","status-publish","hentry","pages_types-contact"],"acf":[],"yoast_head":"<!-- This site is optimized with the Yoast SEO plugin v27.0 - https:\/\/yoast.com\/product\/yoast-seo-wordpress\/ -->\n<title>Dainty Rice | Toutes les informations de contact, comment nous rejoindre<\/title>\n<meta name=\"description\" content=\"Voici toutes nos coordonn\u00e9es. Si vous avez des questions sur nos produits \u00e0 base de riz ou sur les recettes et les m\u00e9thodes de cuisson du riz, n&#039;h\u00e9sitez pas \u00e0 nous contacter\" \/>\n<meta name=\"robots\" content=\"index, follow, max-snippet:-1, max-image-preview:large, max-video-preview:-1\" \/>\n<link rel=\"canonical\" href=\"https:\/\/dainty.ca\/fr\/nous-joindre\/\" \/>\n<meta property=\"og:locale\" content=\"fr_FR\" \/>\n<meta property=\"og:type\" content=\"article\" \/>\n<meta property=\"og:title\" content=\"Dainty Rice | Toutes les informations de contact, comment nous rejoindre\" \/>\n<meta property=\"og:description\" content=\"Voici toutes nos coordonn\u00e9es. Si vous avez des questions sur nos produits \u00e0 base de riz ou sur les recettes et les m\u00e9thodes de cuisson du riz, n&#039;h\u00e9sitez pas \u00e0 nous contacter\" \/>\n<meta property=\"og:url\" content=\"https:\/\/dainty.ca\/fr\/nous-joindre\/\" \/>\n<meta property=\"og:site_name\" content=\"Dainty Rice\" \/>\n<meta property=\"article:publisher\" content=\"https:\/\/www.facebook.com\/daintyfoods\/\" \/>\n<meta property=\"article:modified_time\" content=\"2025-06-06T13:14:18+00:00\" \/>\n<meta name=\"twitter:card\" content=\"summary_large_image\" \/>\n<script type=\"application\/ld+json\" class=\"yoast-schema-graph\">{\"@context\":\"https:\/\/schema.org\",\"@graph\":[{\"@type\":\"WebPage\",\"@id\":\"https:\/\/dainty.ca\/fr\/nous-joindre\/\",\"url\":\"https:\/\/dainty.ca\/fr\/nous-joindre\/\",\"name\":\"Dainty Rice | Toutes les informations de contact, comment nous rejoindre\",\"isPartOf\":{\"@id\":\"https:\/\/dainty.ca\/fr\/#website\"},\"datePublished\":\"2024-05-21T18:49:40+00:00\",\"dateModified\":\"2025-06-06T13:14:18+00:00\",\"description\":\"Voici toutes nos coordonn\u00e9es. Si vous avez des questions sur nos produits \u00e0 base de riz ou sur les recettes et les m\u00e9thodes de cuisson du riz, n'h\u00e9sitez pas \u00e0 nous contacter\",\"breadcrumb\":{\"@id\":\"https:\/\/dainty.ca\/fr\/nous-joindre\/#breadcrumb\"},\"inLanguage\":\"fr\",\"potentialAction\":[{\"@type\":\"ReadAction\",\"target\":[\"https:\/\/dainty.ca\/fr\/nous-joindre\/\"]}]},{\"@type\":\"BreadcrumbList\",\"@id\":\"https:\/\/dainty.ca\/fr\/nous-joindre\/#breadcrumb\",\"itemListElement\":[{\"@type\":\"ListItem\",\"position\":1,\"name\":\"Accueil\",\"item\":\"https:\/\/dainty.ca\/fr\/accueil\/\"},{\"@type\":\"ListItem\",\"position\":2,\"name\":\"Nous joindre\"}]},{\"@type\":\"WebSite\",\"@id\":\"https:\/\/dainty.ca\/fr\/#website\",\"url\":\"https:\/\/dainty.ca\/fr\/\",\"name\":\"Dainty Rice\",\"description\":\"The Rice Company\",\"publisher\":{\"@id\":\"https:\/\/dainty.ca\/fr\/#organization\"},\"potentialAction\":[{\"@type\":\"SearchAction\",\"target\":{\"@type\":\"EntryPoint\",\"urlTemplate\":\"https:\/\/dainty.ca\/fr\/?s={search_term_string}\"},\"query-input\":{\"@type\":\"PropertyValueSpecification\",\"valueRequired\":true,\"valueName\":\"search_term_string\"}}],\"inLanguage\":\"fr\"},{\"@type\":\"Organization\",\"@id\":\"https:\/\/dainty.ca\/fr\/#organization\",\"name\":\"Dainty\",\"url\":\"https:\/\/dainty.ca\/fr\/\",\"logo\":{\"@type\":\"ImageObject\",\"inLanguage\":\"fr\",\"@id\":\"https:\/\/dainty.ca\/fr\/#\/schema\/logo\/image\/\",\"url\":\"https:\/\/dainty.ca\/wp-content\/uploads\/2022\/10\/dainty-logo.svg\",\"contentUrl\":\"https:\/\/dainty.ca\/wp-content\/uploads\/2022\/10\/dainty-logo.svg\",\"width\":149,\"height\":93,\"caption\":\"Dainty\"},\"image\":{\"@id\":\"https:\/\/dainty.ca\/fr\/#\/schema\/logo\/image\/\"},\"sameAs\":[\"https:\/\/www.facebook.com\/daintyfoods\/\",\"https:\/\/www.instagram.com\/dainty_foods\/\",\"https:\/\/www.pinterest.ca\/dainty_foods\/\",\"https:\/\/www.youtube.com\/channel\/UCv1JqLis-2HAIQ2HZQhQ64Q?sub_confirmation=1\"]},false]}<\/script>\n<!-- \/ Yoast SEO plugin. -->","yoast_head_json":{"title":"Dainty Rice | Toutes les informations de contact, comment nous rejoindre","description":"Voici toutes nos coordonn\u00e9es. Si vous avez des questions sur nos produits \u00e0 base de riz ou sur les recettes et les m\u00e9thodes de cuisson du riz, n'h\u00e9sitez pas \u00e0 nous contacter","robots":{"index":"index","follow":"follow","max-snippet":"max-snippet:-1","max-image-preview":"max-image-preview:large","max-video-preview":"max-video-preview:-1"},"canonical":"https:\/\/dainty.ca\/fr\/nous-joindre\/","og_locale":"fr_FR","og_type":"article","og_title":"Dainty Rice | Toutes les informations de contact, comment nous rejoindre","og_description":"Voici toutes nos coordonn\u00e9es. Si vous avez des questions sur nos produits \u00e0 base de riz ou sur les recettes et les m\u00e9thodes de cuisson du riz, n'h\u00e9sitez pas \u00e0 nous contacter","og_url":"https:\/\/dainty.ca\/fr\/nous-joindre\/","og_site_name":"Dainty Rice","article_publisher":"https:\/\/www.facebook.com\/daintyfoods\/","article_modified_time":"2025-06-06T13:14:18+00:00","twitter_card":"summary_large_image","schema":{"@context":"https:\/\/schema.org","@graph":[{"@type":"WebPage","@id":"https:\/\/dainty.ca\/fr\/nous-joindre\/","url":"https:\/\/dainty.ca\/fr\/nous-joindre\/","name":"Dainty Rice | Toutes les informations de contact, comment nous rejoindre","isPartOf":{"@id":"https:\/\/dainty.ca\/fr\/#website"},"datePublished":"2024-05-21T18:49:40+00:00","dateModified":"2025-06-06T13:14:18+00:00","description":"Voici toutes nos coordonn\u00e9es. Si vous avez des questions sur nos produits \u00e0 base de riz ou sur les recettes et les m\u00e9thodes de cuisson du riz, n'h\u00e9sitez pas \u00e0 nous contacter","breadcrumb":{"@id":"https:\/\/dainty.ca\/fr\/nous-joindre\/#breadcrumb"},"inLanguage":"fr","potentialAction":[{"@type":"ReadAction","target":["https:\/\/dainty.ca\/fr\/nous-joindre\/"]}]},{"@type":"BreadcrumbList","@id":"https:\/\/dainty.ca\/fr\/nous-joindre\/#breadcrumb","itemListElement":[{"@type":"ListItem","position":1,"name":"Accueil","item":"https:\/\/dainty.ca\/fr\/accueil\/"},{"@type":"ListItem","position":2,"name":"Nous joindre"}]},{"@type":"WebSite","@id":"https:\/\/dainty.ca\/fr\/#website","url":"https:\/\/dainty.ca\/fr\/","name":"Dainty Rice","description":"The Rice Company","publisher":{"@id":"https:\/\/dainty.ca\/fr\/#organization"},"potentialAction":[{"@type":"SearchAction","target":{"@type":"EntryPoint","urlTemplate":"https:\/\/dainty.ca\/fr\/?s={search_term_string}"},"query-input":{"@type":"PropertyValueSpecification","valueRequired":true,"valueName":"search_term_string"}}],"inLanguage":"fr"},{"@type":"Organization","@id":"https:\/\/dainty.ca\/fr\/#organization","name":"Dainty","url":"https:\/\/dainty.ca\/fr\/","logo":{"@type":"ImageObject","inLanguage":"fr","@id":"https:\/\/dainty.ca\/fr\/#\/schema\/logo\/image\/","url":"https:\/\/dainty.ca\/wp-content\/uploads\/2022\/10\/dainty-logo.svg","contentUrl":"https:\/\/dainty.ca\/wp-content\/uploads\/2022\/10\/dainty-logo.svg","width":149,"height":93,"caption":"Dainty"},"image":{"@id":"https:\/\/dainty.ca\/fr\/#\/schema\/logo\/image\/"},"sameAs":["https:\/\/www.facebook.com\/daintyfoods\/","https:\/\/www.instagram.com\/dainty_foods\/","https:\/\/www.pinterest.ca\/dainty_foods\/","https:\/\/www.youtube.com\/channel\/UCv1JqLis-2HAIQ2HZQhQ64Q?sub_confirmation=1"]},false]}},"yasr_visitor_votes":{"stars_attributes":{"read_only":false,"span_bottom":false},"number_of_votes":0,"sum_votes":0},"_links":{"self":[{"href":"https:\/\/dainty.ca\/fr\/wp-json\/wp\/v2\/pages\/4138","targetHints":{"allow":["GET"]}}],"collection":[{"href":"https:\/\/dainty.ca\/fr\/wp-json\/wp\/v2\/pages"}],"about":[{"href":"https:\/\/dainty.ca\/fr\/wp-json\/wp\/v2\/types\/page"}],"author":[{"embeddable":true,"href":"https:\/\/dainty.ca\/fr\/wp-json\/wp\/v2\/users\/4"}],"replies":[{"embeddable":true,"href":"https:\/\/dainty.ca\/fr\/wp-json\/wp\/v2\/comments?post=4138"}],"version-history":[{"count":0,"href":"https:\/\/dainty.ca\/fr\/wp-json\/wp\/v2\/pages\/4138\/revisions"}],"wp:attachment":[{"href":"https:\/\/dainty.ca\/fr\/wp-json\/wp\/v2\/media?parent=4138"}],"wp:term":[{"taxonomy":"pages_types","embeddable":true,"href":"https:\/\/dainty.ca\/fr\/wp-json\/wp\/v2\/pages_types?post=4138"}],"curies":[{"name":"wp","href":"https:\/\/api.w.org\/{rel}","templated":true}]}}